{"id":3,"date":"2021-09-07T22:24:56","date_gmt":"2021-09-07T20:24:56","guid":{"rendered":"http:\/\/spread-line.com\/?page_id=3"},"modified":"2021-12-08T01:46:59","modified_gmt":"2021-12-08T00:46:59","slug":"polityka-prywatnosci","status":"publish","type":"page","link":"http:\/\/spread-line.com\/?page_id=3","title":{"rendered":"Informacja o przetwarzaniu danych osobowych"},"content":{"rendered":"\n<p><\/p>\n\n\n\n<p>Zgodnie z Rozporz\u0105dzeniem Parlamentu Europejskiego i Rady (UE) 2016\/679 z dnia 27 kwietnia 2016r. w sprawie ochrony os\u00f3b fizycznych w zwi\u0105zku z przetwarzaniem danych osobowych i w sprawie swobodnego przep\u0142ywu takich danych oraz uchylenia dyrektywy 95\/46\/WE (og\u00f3lne rozporz\u0105dzenie o ochronie danych) (dalej RODO) informujemy, \u017ce:&nbsp;<\/p>\n\n\n\n<h1 class=\"wp-block-heading\">1.&nbsp;&nbsp;&nbsp;&nbsp;&nbsp;&nbsp; ADMINISTRATOR DANYCH OSOBOWYCH&nbsp;<\/h1>\n\n\n\n<p>Administratorem danych osobowych jest Spread-Line sp. z o.o., ul. Jagiello\u0144ska 59, 10-283 Olsztyn.&nbsp;<\/p>\n\n\n\n<p>Kontakt z Administratorem mo\u017cliwy jest poprzez adres e-mail: info@spread-line.com lub adres korespondencyjny ul. Jagiello\u0144ska 59, 10-283 Olsztyn.&nbsp;<\/p>\n\n\n\n<h1 class=\"wp-block-heading\">2.&nbsp;&nbsp;&nbsp;&nbsp;&nbsp;&nbsp; CELE, PODSTAWY PRAWNE, CZAS PRZETWARZANIA ORAZ PRAWA OS\u00d3B&nbsp;<\/h1>\n\n\n\n<h2 class=\"wp-block-heading\">2.1. UMOWY CYWILNOPRAWNE&nbsp;<\/h2>\n\n\n\n<p>W przypadku zawierania umowy cywilnoprawnej dane osobowe przetwarzamy w celu przygotowania, realizacji i rozliczenia umowy. Podstaw\u0105 prawn\u0105 przetwarzania jest art. 6 ust. 1 lit. b RODO. Podanie danych jest niezb\u0119dne aby osi\u0105gn\u0105\u0107 ww. cele.&nbsp;<\/p>\n\n\n\n<p>Dane zwi\u0105zane z realizacj\u0105 um\u00f3w przechowujemy przez czas niezb\u0119dny do wykonania umowy z uwzgl\u0119dnieniem okresu przedawnienia potencjalnych roszcze\u0144 oraz z uwzgl\u0119dnieniem okres\u00f3w wymaganych przepisami podatkowymi.&nbsp;<\/p>\n\n\n\n<p>Przys\u0142uguj\u0105ce prawa:&nbsp;<\/p>\n\n\n\n<ul class=\"wp-block-list\"><li>\u017c\u0105danie dost\u0119pu do danych osobowych, ich sprostowania lub ograniczenia ich przetwarzania,&nbsp;<\/li><li>przenoszenie danych w zakresie w jakim s\u0105 one przetwarzane w systemach informatycznych w celu zawarcia, wykonania i realizacji umowy.&nbsp;<\/li><\/ul>\n\n\n\n<h2 class=\"wp-block-heading\">2.2. KORESPONDENCJA TRADYCJNA ORAZ POPRZEZ E-MAIL&nbsp;<\/h2>\n\n\n\n<p>W przypadku kontaktu z Pa\u0144stwem lub udzielenia odpowiedzi na pytania, za po\u015brednictwem poczty tradycyjnej lub poczty e-mail, tak\u017ce w ramach realizowanych przez nas um\u00f3w, dane osobowe zawarte w korespondencji przetwarzamy wy\u0142\u0105cznie w celu komunikacji, rozwi\u0105zania danej sprawy lub realizacji umowy.&nbsp;<\/p>\n\n\n\n<p>Podstaw\u0105 prawn\u0105 przetwarzania jest nasz prawnie uzasadniony interes, czyli prowadzenie korespondencji kierowanej do firmy w zwi\u0105zku z prowadzon\u0105 dzia\u0142alno\u015bci\u0105 gospodarcz\u0105 (art. 6 ust. 1 lit. f RODO).&nbsp;<\/p>\n\n\n\n<p>Podanie danych jest niezb\u0119dne w celu umo\u017cliwienia nam identyfikacji os\u00f3b z kt\u00f3rymi si\u0119 kontaktujemy lub kt\u00f3rych spraw\u0119 mamy rozstrzygn\u0105\u0107.&nbsp;<\/p>\n\n\n\n<p>Dane b\u0119dziemy przetwarza\u0107 przez czas niezb\u0119dny do za\u0142atwienia danej sprawy, nie d\u0142u\u017cej jednak ni\u017c 10 lat liczone od dnia otrzymania ostatniej korespondencji.&nbsp;&nbsp;<\/p>\n\n\n\n<p>Przys\u0142uguj\u0105ce prawa:&nbsp;<\/p>\n\n\n\n<ul class=\"wp-block-list\"><li>\u017c\u0105danie dost\u0119pu do swoich danych osobowych, ich sprostowania, ograniczenia ich przetwarzania,&nbsp;<\/li><li>wniesienie sprzeciwu wobec przetwarzania.&nbsp;<\/li><\/ul>\n\n\n\n<h2 class=\"wp-block-heading\">2.3. KONTAKT TELEFONICZNY&nbsp;<\/h2>\n\n\n\n<p>W przypadku kontaktu drog\u0105 telefoniczn\u0105, b\u0119dziemy \u017c\u0105da\u0107 podania danych osobowych, gdy b\u0119dzie to niezb\u0119dne do realizacji Pa\u0144stwa sprawy.&nbsp;<\/p>\n\n\n\n<p>Podstaw\u0105 prawn\u0105 przetwarzania jest nasz prawnie uzasadniony interes, kt\u00f3rym jest mo\u017cliwo\u015b\u0107 identyfikacji osoby, kt\u00f3rej spraw\u0105 si\u0119 zajmujemy. (art. 6 ust. 1 lit. f RODO).Podanie danych jest niezb\u0119dne do osi\u0105gniecia ww. celu przetwarzania.&nbsp;<\/p>\n\n\n\n<p>Dane b\u0119dziemy przechowywa\u0107 przez czas niezb\u0119dny do za\u0142atwienia danej sprawy.&nbsp;<\/p>\n\n\n\n<p>Przys\u0142uguj\u0105ce prawa:&nbsp;<\/p>\n\n\n\n<ul class=\"wp-block-list\"><li>do \u017c\u0105dania dost\u0119pu do swoich danych osobowych, ich sprostowania, ograniczenia ich przetwarzania lub do wniesienia sprzeciwu wobec przetwarzania.&nbsp;<\/li><\/ul>\n\n\n\n<h2 class=\"wp-block-heading\">2.4. FORMULARZ KONTAKTOWY&nbsp;<\/h2>\n\n\n\n<p>Mog\u0105 si\u0119 Pa\u0144stwo z nami skontaktowa\u0107 poprzez formularz kontaktowy znajduj\u0105cy si\u0119 na naszej stronie internetowej. Skorzystanie z formularza wymaga podania co najmniej adresu email w celu umo\u017cliwienia udzielenia Pa\u0144stwu odpowiedzi. Podanie danych osobowych jest w tym przypadku dobrowolne.&nbsp;<\/p>\n\n\n\n<p>Podstaw\u0105 prawn\u0105 przetwarzania adresu email oraz innych danych podanych w formularzu jest wyra\u017cona przez Pa\u0144stwa zgoda (art. 6 ust. 1 lit. a RODO).&nbsp;&nbsp;<\/p>\n\n\n\n<p>Podane dane b\u0119dziemy przechowywa\u0107 do czasu wycofania zgody na ich przetwarzanie, jednak nie d\u0142u\u017cej ni\u017c rok liczony od dnia przes\u0142ania zapytania z wykorzystaniem formularza.&nbsp;<\/p>\n\n\n\n<p>Przys\u0142uguj\u0105ce prawa:&nbsp;<\/p>\n\n\n\n<ul class=\"wp-block-list\"><li>\u017c\u0105danie dost\u0119pu do swoich danych osobowych, ich sprostowania, ograniczenia ich przetwarzania,&nbsp;<\/li><li>przenoszenie danych osobowych przetwarzanych w systemach informatycznych,&nbsp;<\/li><li>prawo cofni\u0119cia zgody na przetwarzanie danych osobowych. Zgod\u0119 mo\u017cna wycofa\u0107 w dowolnym momencie wysy\u0142aj\u0105c wiadomo\u015b\u0107 e-mail na adres: info@spread-line.com&nbsp; Wycofanie zgody pozostaje bez wp\u0142ywu na zgodno\u015b\u0107 z prawem przetwarzania, kt\u00f3rego dokonywali\u015bmy na podstawie udzielonej zgody przed jej wycofaniem.&nbsp;<\/li><\/ul>\n\n\n\n<h2 class=\"wp-block-heading\">2.5. PROFIL FACEBOOK&nbsp;<\/h2>\n\n\n\n<p>Na naszym profilu Facebook przetwarzamy Pa\u0144stwa dane je\u017celi odwiedzacie nasz profil i pozostawiacie na nim m.in. komentarze czy polubienia.&nbsp;<\/p>\n\n\n\n<p>Podstaw\u0105 prawn\u0105 przetwarzania jest nasz prawnie uzasadniony interes, czyli promowanie dzia\u0142alno\u015bci firmy poprzez informowanie o wydarzeniach, us\u0142ugach oraz produktach, a tak\u017ce publikacja wpis\u00f3w w zakresie prowadzonej dzia\u0142alno\u015bci (art. 6 ust. 1 lit. f RODO).&nbsp;<\/p>\n\n\n\n<p>W tym wypadku Pa\u0144stwa dane mog\u0105 by\u0107 przetwarzane przez Facebook INC poza krajami EOG, w celu szczeg\u00f3\u0142owych informacji na temat bezpiecze\u0144stwa zapewnianego przez Facebook w tym zakresie znajdziecie Pa\u0144stwo na stronie <a href=\"https:\/\/www.facebook.com\/about\/privacyshield\">https:\/\/www.facebook.com\/about\/privacyshiel<\/a><a href=\"https:\/\/www.facebook.com\/about\/privacyshield\">d<\/a><a href=\"https:\/\/www.facebook.com\/about\/privacyshield\">&nbsp; <\/a>Podanie danych jest niezb\u0119dne do osi\u0105gniecia ww. celu.&nbsp;<\/p>\n\n\n\n<p>Dane b\u0119dziemy przechowywa\u0107 przez czas publikacji danych na profilu Facebook.&nbsp;<\/p>\n\n\n\n<p>Przys\u0142uguj\u0105ce prawa:&nbsp;<\/p>\n\n\n\n<ul class=\"wp-block-list\"><li>\u017c\u0105danie dost\u0119pu do swoich danych osobowych, ich sprostowania, ograniczenia ich przetwarzania,<\/li><li>wniesienie sprzeciwu wobec przetwarzania.&nbsp;<\/li><\/ul>\n\n\n\n<h1 class=\"wp-block-heading\">3.&nbsp;&nbsp;&nbsp;&nbsp;&nbsp;&nbsp; ZG\u0141ASZANIE \u017b\u0104DA\u0143 ZWI\u0104ZANYCH Z RELIZACJ\u0104 PRAW&nbsp;<\/h1>\n\n\n\n<p>Zg\u0142aszanie \u017c\u0105da\u0144 dotycz\u0105cych realizacji Pa\u0144stwa praw mo\u017cna sk\u0142ada\u0107:&nbsp;<\/p>\n\n\n\n<ul class=\"wp-block-list\"><li>w formie pisemnej na adres: Spread-Line sp z o.o., ul. Jagiello\u0144ska 59\/212, 10-283 Olsztyn,&nbsp;<\/li><li>elektronicznie na adres e-mail: gdpr@spread-line.pl&nbsp;<\/li><\/ul>\n\n\n\n<h1 class=\"wp-block-heading\">4.&nbsp;&nbsp;&nbsp;&nbsp;&nbsp;&nbsp; PRAWO DO Z\u0141O\u017bENIA SKARGI DO ORGANU NADZORCZEGO&nbsp;<\/h1>\n\n\n\n<p>Je\u017celi uznaj\u0105 Pa\u0144stwo, \u017ce spos\u00f3b przetwarzania przez nas danych osobowych narusza obowi\u0105zuj\u0105ce przepisy prawa, maj\u0105 Pa\u0144stwo prawo z\u0142o\u017cy\u0107 skarg\u0119 w tym zakresie do Prezesa Urz\u0119du Ochrony Danych Osobowych, ul. Stawki 2, 00-193 Warszawa, tel. 22 531-03-00 lub poprzez udost\u0119pniony formularz internetowy na stronie <a href=\"https:\/\/uodo.gov.pl\/pl\/83\/153\">https:\/\/uodo.gov.pl\/pl\/83\/15<\/a><a href=\"https:\/\/uodo.gov.pl\/pl\/83\/153\">3<\/a><a href=\"https:\/\/uodo.gov.pl\/pl\/83\/153\">&nbsp;<\/a><\/p>\n\n\n\n<h1 class=\"wp-block-heading\">5.&nbsp;&nbsp;&nbsp;&nbsp;&nbsp;&nbsp; &nbsp;&nbsp; ODBIORCY DANYCH OSOBOWYCH&nbsp;<\/h1>\n\n\n\n<p>Pa\u0144stwa dane osobowe mo\u017cemy ujawnia\u0107 podmiotom realizuj\u0105cym zadania na nasz\u0105 rzecz, takim jak:&nbsp;<\/p>\n\n\n\n<ul class=\"wp-block-list\"><li>dostawcy wykorzystywanego przez nas oprogramowania wy\u0142\u0105cznie w celu zapewnienia ich sprawnego dzia\u0142ania z zachowaniem zasad ochrony danych osobowych i poufno\u015bci ich przetwarzania,&nbsp;<\/li><li>podmioty \u015bwiadcz\u0105ce na nasz\u0105 rzecz us\u0142ugi hostingowe,&nbsp; \u2212 &nbsp;operatorzy pocztowi w celu zapewnienia korespondencji,&nbsp;<\/li><li>banki w celu realizacji przelew\u00f3w.&nbsp;<\/li><\/ul>\n\n\n\n<hr class=\"wp-block-separator\"\/>\n\n\n\n<h1 class=\"wp-block-heading\">Polityka Prywatno\u015bci<\/h1>\n\n\n\n<p>Niniejsza Polityka Prywatno\u015bci okre\u015bla zasady przechowywania i dost\u0119pu do informacji na urz\u0105dzeniach U\u017cytkownika za pomoc\u0105 plik\u00f3w Cookies, s\u0142u\u017c\u0105cych realizacji us\u0142ug \u015bwiadczonych drog\u0105 elektroniczn\u0105 \u017c\u0105danych przez U\u017cytkownika, przez&nbsp;<strong>SPREAD-LINE Sp. z o.o., ul. Jagiello\u0144ska 59, 10-283 Olsztyn.<\/strong><\/p>\n\n\n\n<p>Przegl\u0105darka internetowa mo\u017ce przechowywa\u0107 pliki Cookies na dysku komputera U\u017cytkownika. W plikach \u201eCookies\u201d znajduj\u0105 si\u0119 informacje niezb\u0119dne do prawid\u0142owego funkcjonowania serwisu, w szczeg\u00f3lno\u015bci tych wymagaj\u0105cych autoryzacji U\u017cytkownik\u00f3w loguj\u0105cych si\u0119 do udost\u0119pnianych panali administracyjnych lub serwisowych. Co do zasady zawarto\u015b\u0107 wykorzystywanych przez Administratora plik\u00f3w Cookies nie pozwala na bezpo\u015bredni\u0105 identyfikacj\u0119 u\u017cytkownika, tym samym, za pomoc\u0105 plik\u00f3w Cookies nie s\u0105 przetwarzane lub przechowywane dane osobowe.<\/p>\n\n\n\n<p>Z naszej strony gwarantujemy, \u017ce zgromadzone dane nie zostan\u0105 nikomu ujawnione, U\u017cytkownik tak\u017ce powinien zadba\u0107 bezpiecze\u0144stwo swoich danych \u015bwiadomie zarz\u0105dzaj\u0105c plikami Cookie w swojej przegl\u0105darce.<\/p>\n\n\n\n<p><strong>I. Definicje<\/strong><\/p>\n\n\n\n<ol class=\"wp-block-list\" type=\"1\"><li><strong>Administrator<\/strong>&nbsp;\u2013 SPREAD-LINE Sp. z o.o., ul. Jagiello\u0144ska 59, 10-283 Olsztyn, kt\u00f3ra \u015bwiadczy us\u0142ugi drog\u0105 elektroniczn\u0105 oraz przechowuje i uzyskuje dost\u0119p do informacji w urz\u0105dzeniach U\u017cytkownika.<\/li><li><strong>Cookies<\/strong>&nbsp;\u2013 oznacza dane informatyczne, w szczeg\u00f3lno\u015bci niewielkie pliki tekstowe, zapisywane i przechowywane na urz\u0105dzeniach za po\u015brednictwem kt\u00f3rych U\u017cytkownik korzysta ze stron internetowych Serwisu.<\/li><li><strong>Cookies Administratora<\/strong>&nbsp;\u2013 oznacza Cookies zamieszczane przez Administratora, zwi\u0105zane ze \u015bwiadczeniem us\u0142ug drog\u0105 elektroniczn\u0105 przez Administratora za po\u015brednictwem Serwisu.<\/li><li><strong>Cookies Zewn\u0119trzne<\/strong>&nbsp;\u2013 oznacza Cookies zamieszczane przez partner\u00f3w Administratora, za po\u015brednictwem strony internetowej Serwisu.<\/li><li><strong>Serwis<\/strong>&nbsp;\u2013 oznacza stron\u0119 internetow\u0105&nbsp;<strong>https:\/\/spread-line.com\/<\/strong>, pod kt\u00f3r\u0105 Administrator prowadzi serwis internetowy.<\/li><li><strong>Urz\u0105dzenie<\/strong>&nbsp;\u2013 oznacza urz\u0105dzenie za po\u015brednictwem, kt\u00f3rego U\u017cytkownik uzyskuje dost\u0119p do Serwisu.<\/li><li><strong>U\u017cytkownik<\/strong>&nbsp;\u2013 oznacza osob\u0119 fizyczn\u0105 odwiedzaj\u0105ca Serwis i korzystaj\u0105ca z jego funkcjonalno\u015bci.<\/li><\/ol>\n\n\n\n<h1 class=\"wp-block-heading\">1.&nbsp;&nbsp;&nbsp;&nbsp;&nbsp; Rodzaje wykorzystywanych Cookies<\/h1>\n\n\n\n<ol class=\"wp-block-list\" type=\"1\"><li>Stosowane przez Administratora Cookies s\u0105 bezpieczne dla Urz\u0105dzenia U\u017cytkownika. W szczeg\u00f3lno\u015bci t\u0105 drog\u0105 nie jest mo\u017cliwe przedostanie si\u0119 do Urz\u0105dze\u0144 U\u017cytkownik\u00f3w wirus\u00f3w lub innego niechcianego oprogramowania lub oprogramowania z\u0142o\u015bliwego. Pliki te pozwalaj\u0105 zidentyfikowa\u0107 oprogramowanie wykorzystywane przez U\u017cytkownika i dostosowa\u0107 Serwis indywidualnie ka\u017cdemu U\u017cytkownikowi. Cookies zazwyczaj zawieraj\u0105 nazw\u0119 domeny z kt\u00f3rej pochodz\u0105, czas przechowywania ich na Urz\u0105dzeniu oraz przypisan\u0105 warto\u015b\u0107.<\/li><li>Administrator wykorzystuje nast\u0119puj\u0105ce plik\u00f3w Cookies:<\/li><li><strong>Cookies sesyjne<\/strong>: s\u0105 przechowywane na Urz\u0105dzeniu U\u017cytkownika i pozostaj\u0105 tam do momentu zako\u0144czenia sesji danej przegl\u0105darki. Zapisane informacje s\u0105 w\u00f3wczas trwale usuwane z pami\u0119ci Urz\u0105dzenia. Mechanizm Cookies sesyjnych nie pozwala na pobieranie jakichkolwiek danych osobowych ani \u017cadnych informacji poufnych z Urz\u0105dzenia U\u017cytkownika.<\/li><li><strong>Cookies trwa\u0142e<\/strong>: s\u0105 przechowywane na Urz\u0105dzeniu U\u017cytkownika i pozostaj\u0105 tam do momentu ich skasowania. Zako\u0144czenie sesji danej przegl\u0105darki lub wy\u0142\u0105czenie Urz\u0105dzenia nie powoduje ich usuni\u0119cia z Urz\u0105dzenia U\u017cytkownika. Mechanizm Cookies trwa\u0142ych nie pozwala na pobieranie jakichkolwiek danych osobowych ani \u017cadnych informacji poufnych z Urz\u0105dzenia U\u017cytkownika.<\/li><li><strong>Cookies \u015bledz\u0105ce<\/strong>: s\u0105 wykorzystywane do \u015bledzenia u\u017cytkownik\u00f3w (osoby loguj\u0105ce si\u0119 do udost\u0119pnionych paneli, np. administrator\u00f3w serwisu) i dostarczaj\u0105 informacji identyfikuj\u0105cych dane konkretnego u\u017cytkownika.<\/li><\/ol>\n\n\n\n<h1 class=\"wp-block-heading\">2.&nbsp;&nbsp;&nbsp;&nbsp;&nbsp; Cele w jakich wykorzystywane s\u0105 Cookies<\/h1>\n\n\n\n<h2 class=\"wp-block-heading\">Serwis wykorzystuje pliki Cookies W\u0142asne w celu:<\/h2>\n\n\n\n<ol class=\"wp-block-list\" type=\"a\"><li>Konfiguracji serwisu:<ul><li>optymalizacji korzystania ze stron internetowych Serwisu.<\/li><li>rozpoznania urz\u0105dzenia U\u017cytkownika Serwisu i wy\u015bwietlenia strony internetowej, dostosowanej do jego indywidualnych potrzeb;<\/li><li>zapami\u0119tania ustawie\u0144 wybranych przez U\u017cytkownika i personalizacji serwisu U\u017cytkownika, np. w zakresie wybranego j\u0119zyka,<\/li><li>zapami\u0119tania historii odwiedzonych stron w serwisie.<\/li><\/ul><\/li><li>Obs\u0142ugi sesji u\u017cytkownika loguj\u0105cego si\u0119 do udost\u0119pnionych paneli serwisu:<ul><li>o&nbsp;&nbsp;&nbsp; uwierzytelniania U\u017cytkownika loguj\u0105cego si\u0119 do udost\u0119pnionych paneli serwisu<\/li><li>utrzymania sesji U\u017cytkownika Serwisu,<\/li><li>poprawnej konfiguracji wybranych funkcji Serwisu, umo\u017cliwiaj\u0105c w szczeg\u00f3lno\u015bci weryfikacj\u0119 autentyczno\u015bci sesji przegl\u0105darki.<\/li><li>optymalizacji i zwi\u0119kszenia wydajno\u015bci us\u0142ug \u015bwiadczonych przez Administratora.<\/li><\/ul><\/li><li>Realizacji proces\u00f3w niezb\u0119dnych dla pe\u0142nej funkcjonalno\u015bci stron internetowych<ul><li>dostosowania zawarto\u015bci stron internetowych Serwisu do preferencji U\u017cytkownika oraz optymalizacji korzystania ze stron internetowych Serwisu. W szczeg\u00f3lno\u015bci pliki te pozwalaj\u0105 rozpozna\u0107 podstawowe parametry Urz\u0105dzenia U\u017cytkownika i odpowiednio wy\u015bwietli\u0107 stron\u0119 internetow\u0105, dostosowan\u0105 do jego indywidualnych potrzeb;<\/li><\/ul><\/li><li>Zapewnienia bezpiecze\u0144stwa i niezawodno\u015bci serwisu.<\/li><\/ol>\n\n\n\n<h2 class=\"wp-block-heading\">Serwis wykorzystuje pliki Cookies Zewn\u0119trzne w celu:<\/h2>\n\n\n\n<ol class=\"wp-block-list\" type=\"a\"><li>prezentowania tre\u015bci multimedialnych na stronach internetowych Serwisu, kt\u00f3re s\u0105 pobierane z zewn\u0119trznego serwisu internetowego:<ul><li><a href=\"http:\/\/www.youtube.com\/\">www.youtube.com<\/a>&nbsp;[administrator cookies: Google Inc z siedzib\u0105 w Irlandii]<\/li><\/ul><\/li><li>analiz i bada\u0144 ogl\u0105dalno\u015bci oraz zbierania og\u00f3lnych i anonimowych danych statystycznych za po\u015brednictwem narz\u0119dzi analitycznych:<ul><li>Google Analytics [administrator cookies: Google Inc z siedzib\u0105 w Irlandii]<\/li><\/ul><\/li><li>wykorzystania funkcji interaktywnych w celu popularyzacji serwisu za pomoc\u0105 serwis\u00f3w spo\u0142eczno\u015bciowych:<ul><li><a href=\"http:\/\/www.facebook.com\/\">Facebook.com<\/a>&nbsp;[administrator cookies: Facebook Inc z siedzib\u0105 w USA lub Facebook Ireland z siedzib\u0105 w Irlandii]<\/li><\/ul><\/li><\/ol>\n\n\n\n<p>Istnieje mo\u017cliwo\u015b\u0107 takiego skonfigurowania Twojej przegl\u0105darki internetowej, kt\u00f3ra spowoduje, \u017ce ca\u0142kowicie zostanie wy\u0142\u0105czona mo\u017cliwo\u015b\u0107 przechowywania plik\u00f3w Cookies na dysku twardym Twojego komputera. Pami\u0119taj, \u017ce efektem takiej zmiany mo\u017ce by\u0107 utrata mo\u017cliwo\u015bci korzystania z niekt\u00f3rych funkcji serwisu.<\/p>\n\n\n\n<h1 class=\"wp-block-heading\">3.&nbsp;&nbsp;&nbsp;&nbsp;&nbsp; Mo\u017cliwo\u015bci okre\u015blenia warunk\u00f3w przechowywania lub uzyskiwania dost\u0119pu przez Cookies:<\/h1>\n\n\n\n<ol class=\"wp-block-list\" type=\"1\"><li>U\u017cytkownik mo\u017ce samodzielnie i w ka\u017cdym czasie zmieni\u0107 ustawienia dotycz\u0105ce plik\u00f3w Cookies, okre\u015blaj\u0105c warunki ich przechowywania i uzyskiwania dost\u0119pu przez pliki Cookies do Urz\u0105dzenia U\u017cytkownika. Zmiany ustawie\u0144, o kt\u00f3rych mowa w zdaniu poprzednim, U\u017cytkownik mo\u017ce dokona\u0107 za pomoc\u0105 ustawie\u0144 przegl\u0105darki internetowej lub za pomoc\u0105 konfiguracji us\u0142ugi. Ustawienia te mog\u0105 zosta\u0107 zmienione w szczeg\u00f3lno\u015bci w taki spos\u00f3b, aby blokowa\u0107 automatyczn\u0105 obs\u0142ug\u0119 plik\u00f3w Cookies w ustawieniach przegl\u0105darki internetowej b\u0105d\u017a informowa\u0107 o ich ka\u017cdorazowym zamieszczeniu Cookies na urz\u0105dzeniu U\u017cytkownika. Szczeg\u00f3\u0142owe informacje o mo\u017cliwo\u015bci i sposobach obs\u0142ugi plik\u00f3w Cookies dost\u0119pne s\u0105 w ustawieniach oprogramowania (przegl\u0105darki internetowej).<\/li><li>U\u017cytkownik mo\u017ce w ka\u017cdej chwili usun\u0105\u0107 pliki Cookies korzystaj\u0105c z dost\u0119pnych funkcji w przegl\u0105darce internetowej, kt\u00f3rej u\u017cywa.<\/li><li>Ograniczenie stosowania plik\u00f3w Cookies, mo\u017ce wp\u0142yn\u0105\u0107 na niekt\u00f3re funkcjonalno\u015bci dost\u0119pne na stronie internetowej serwisu.<\/li><li>W celu zarz\u0105dzania ustawieniami Cookies wybierz z listy poni\u017cej przegl\u0105dark\u0119 internetow\u0105\/ system i post\u0119puj zgodnie z instrukcjami:<ul><li><a href=\"http:\/\/support.microsoft.com\/kb\/196955\">Internet Explorer<\/a><\/li><li><a href=\"http:\/\/support.google.com\/chrome\/bin\/answer.py?hl=pl&amp;answer=95647\">Chrome<\/a><\/li><li><a href=\"http:\/\/support.apple.com\/kb\/PH5042\">Safari<\/a><\/li><li><a href=\"http:\/\/support.mozilla.org\/pl\/kb\/W%C5%82%C4%85czanie%20i%20wy%C5%82%C4%85czanie%20obs%C5%82ugi%20ciasteczek\">Firefox<\/a><\/li><li><a href=\"http:\/\/help.opera.com\/Windows\/12.10\/pl\/cookies.html\">Opera<\/a><\/li><li><a href=\"http:\/\/help.opera.com\/Windows\/12.10\/pl\/cookies.html\">Android<\/a><\/li><li><a href=\"http:\/\/support.apple.com\/kb\/HT1677?viewlocale=pl_PL\">Safari (iOS)<\/a><\/li><li><a href=\"http:\/\/www.windowsphone.com\/pl-pl\/how-to\/wp7\/web\/changing-privacy-and-other-browser-settings\">Windows Phone<\/a><\/li><li><a href=\"http:\/\/docs.blackberry.com\/en\/smartphone_users\/deliverables\/32004\/Turn_off_cookies_in_the_browser_60_1072866_11.jsp\">Blackberry<\/a><\/li><\/ul><\/li><\/ol>\n\n\n\n<h1 class=\"wp-block-heading\">4.&nbsp;&nbsp;&nbsp;&nbsp;&nbsp; Informacje uzupe\u0142niaj\u0105ce o przetwarzaniu danych osobowych u\u017cytkownik\u00f3w:<\/h1>\n\n\n\n<ol class=\"wp-block-list\" type=\"1\"><li>W ramach plik\u00f3w cookie przetwarzane s\u0105 dane osobowe wy\u0142\u0105cznie u\u017cytkownik\u00f3w loguj\u0105cych si\u0119 do udost\u0119pnionych w ramach serwisu paneli. W takich przypadkach przetwarzanie danych osobowych realizowane jest na podstawie prawnie uzasadnionego interesu administratora, kt\u00f3rym jest zapewnienie utrzymania sesji U\u017cytkownika Serwisu, poprawnej konfiguracji wybranych funkcji Serwisu, umo\u017cliwiaj\u0105c w szczeg\u00f3lno\u015bci weryfikacj\u0119 autentyczno\u015bci sesji przegl\u0105darki, optymalizacji i zwi\u0119kszenia wydajno\u015bci us\u0142ug \u015bwiadczonych przez Administratora oraz zapewnienia bezpiecze\u0144stwa sesji.<\/li><li>Wykorzystywane przez nas pliki cookie wygasaj\u0105 po zako\u0144czeniu sesji przegl\u0105dania.<\/li><li>Wykonywanie praw zwi\u0105zanych z przetwarzaniem danych osobowych, takich jak ich uzyskanie dost\u0119pu i usuwanie danych osobowych, w zwi\u0105zku wykorzystaniem przez Administratora plik\u00f3w cookie, co do zasady jest mo\u017cliwe z poziomu ustawie\u0144 przegl\u0105darki zgodnie z opisem umieszczonym w rozdziale IV niniejszej Polityki.<\/li><li>Wykonywanie wszelkich praw przys\u0142uguj\u0105cych U\u017cytkownikowi w zwi\u0105zku z przetwarzaniem jego danych osobowych, tj. dost\u0119pu do danych osobowych ich sprostowania lub usuni\u0119cia, ograniczenia ich przetwarzania oraz sprzeciw wobec przetwarzania danych osobowych jest tak\u017ce mo\u017cliwe poprzez listowny kontakt z Administratorem, a tak\u017ce drog\u0105 mailow\u0105&nbsp;<strong><u><a href=\"mailto:info@spread-line.co\">info@spread-line.co<\/a>m<\/u><\/strong><\/li><\/ol>\n\n\n\n<h1 class=\"wp-block-heading\">5.&nbsp;&nbsp;&nbsp;&nbsp;&nbsp; Etyka serwisu<\/h1>\n\n\n\n<p>Dbamy tak\u017ce o to, \u017ceby w naszych serwisach nie znalaz\u0142y si\u0119 tre\u015bci sprzeczne z prawem polskim i mi\u0119dzynarodowym. Nie dopuszczamy do publikacji tre\u015bci nawo\u0142uj\u0105cych do nienawi\u015bci etnicznej, rasowej, wyznaniowej czy \u015bwiatopogl\u0105dowej, a tak\u017ce do publikacji pornografii, tre\u015bci nieetycznych lub uwa\u017canych za obel\u017cywe.<\/p>\n","protected":false},"excerpt":{"rendered":"<p>Zgodnie z Rozporz\u0105dzeniem Parlamentu Europejskiego i Rady (UE) 2016\/679 z dnia 27 kwietnia 2016r. w sprawie ochrony os\u00f3b fizycznych w zwi\u0105zku z przetwarzaniem danych osobowych i w sprawie swobodnego przep\u0142ywu takich danych oraz uchylenia dyrektywy 95\/46\/WE (og\u00f3lne rozporz\u0105dzenie o ochronie danych) (dalej RODO) informujemy, \u017ce:&nbsp; 1.&nbsp;&nbsp;&nbsp;&nbsp;&nbsp;&nbsp; ADMINISTRATOR DANYCH OSOBOWYCH&nbsp; Administratorem danych osobowych jest Spread-Line sp. [&hellip;]<\/p>\n","protected":false},"author":1,"featured_media":0,"parent":0,"menu_order":1,"comment_status":"closed","ping_status":"open","template":"","meta":{"footnotes":""},"class_list":["post-3","page","type-page","status-publish","hentry"],"_links":{"self":[{"href":"http:\/\/spread-line.com\/index.php?rest_route=\/wp\/v2\/pages\/3","targetHints":{"allow":["GET"]}}],"collection":[{"href":"http:\/\/spread-line.com\/index.php?rest_route=\/wp\/v2\/pages"}],"about":[{"href":"http:\/\/spread-line.com\/index.php?rest_route=\/wp\/v2\/types\/page"}],"author":[{"embeddable":true,"href":"http:\/\/spread-line.com\/index.php?rest_route=\/wp\/v2\/users\/1"}],"replies":[{"embeddable":true,"href":"http:\/\/spread-line.com\/index.php?rest_route=%2Fwp%2Fv2%2Fcomments&post=3"}],"version-history":[{"count":4,"href":"http:\/\/spread-line.com\/index.php?rest_route=\/wp\/v2\/pages\/3\/revisions"}],"predecessor-version":[{"id":48,"href":"http:\/\/spread-line.com\/index.php?rest_route=\/wp\/v2\/pages\/3\/revisions\/48"}],"wp:attachment":[{"href":"http:\/\/spread-line.com\/index.php?rest_route=%2Fwp%2Fv2%2Fmedia&parent=3"}],"curies":[{"name":"wp","href":"https:\/\/api.w.org\/{rel}","templated":true}]}}