{"id":19,"date":"2021-12-08T00:28:52","date_gmt":"2021-12-07T23:28:52","guid":{"rendered":"http:\/\/spread-line.com\/?page_id=19"},"modified":"2021-12-08T01:23:24","modified_gmt":"2021-12-08T00:23:24","slug":"start","status":"publish","type":"page","link":"http:\/\/spread-line.com\/","title":{"rendered":"Spread-line"},"content":{"rendered":"\n<hr class=\"wp-block-separator\"\/>\n\n\n\n<figure class=\"wp-block-image size-large is-resized\"><img loading=\"lazy\" decoding=\"async\" src=\"http:\/\/spread-line.com\/wp-content\/uploads\/2021\/12\/www.head_-1024x168.jpg\" alt=\"\" class=\"wp-image-23\" width=\"1021\" height=\"168\" srcset=\"http:\/\/spread-line.com\/wp-content\/uploads\/2021\/12\/www.head_-1024x168.jpg 1024w, http:\/\/spread-line.com\/wp-content\/uploads\/2021\/12\/www.head_-300x49.jpg 300w, http:\/\/spread-line.com\/wp-content\/uploads\/2021\/12\/www.head_-768x126.jpg 768w, http:\/\/spread-line.com\/wp-content\/uploads\/2021\/12\/www.head_-600x99.jpg 600w, http:\/\/spread-line.com\/wp-content\/uploads\/2021\/12\/www.head_.jpg 1200w\" sizes=\"auto, (max-width: 1021px) 100vw, 1021px\" \/><\/figure>\n\n\n\n<hr class=\"wp-block-separator\"\/>\n\n\n\n<p class=\"has-text-align-center\"><strong>Ruszamy ze sprzeda\u017c\u0105 nowych produkt\u00f3w<\/strong><\/p>\n\n\n\n<hr class=\"wp-block-separator\"\/>\n\n\n\n<figure class=\"wp-block-image size-large\"><img loading=\"lazy\" decoding=\"async\" width=\"1024\" height=\"395\" src=\"http:\/\/spread-line.com\/wp-content\/uploads\/2021\/12\/wipe-web-head-1024x395.png\" alt=\"\" class=\"wp-image-29\" srcset=\"http:\/\/spread-line.com\/wp-content\/uploads\/2021\/12\/wipe-web-head-1024x395.png 1024w, http:\/\/spread-line.com\/wp-content\/uploads\/2021\/12\/wipe-web-head-300x116.png 300w, http:\/\/spread-line.com\/wp-content\/uploads\/2021\/12\/wipe-web-head-768x296.png 768w, http:\/\/spread-line.com\/wp-content\/uploads\/2021\/12\/wipe-web-head-600x232.png 600w, http:\/\/spread-line.com\/wp-content\/uploads\/2021\/12\/wipe-web-head.png 1492w\" sizes=\"auto, (max-width: 1024px) 100vw, 1024px\" \/><\/figure>\n\n\n\n<p>Chusteczki WIPE OUT &#8211; s\u0142u\u017c\u0105 do usuwania ze sk\u00f3ry g\u0142owy farby i przebarwie\u0144 po koloryzacji w\u0142os\u00f3w. Delikatnie usuwaj\u0105 zabarwienia, jednocze\u015bnie piel\u0119gnuj\u0105c sk\u00f3r\u0119 g\u0142owy, zabezpieczaj\u0105c j\u0105 przed podra\u017cnieniem poprzez zastosowane ekstrakty z aloesu, minera\u0142y z Morza Martwego, alantoin\u0119, prowitamin\u0119 B5 oraz bisabolol(sk\u0142adnik przeciwzapalny, przeciw infekcyjny, koj\u0105cy i \u0142agodz\u0105cy). Chusteczki zapakowane s\u0105 w ekonomiczne, \u0142atwe do zastosowania i przechowywania opakowanie.<\/p>\n\n\n\n<hr class=\"wp-block-separator\"\/>\n\n\n\n<figure class=\"wp-block-image size-large\"><img loading=\"lazy\" decoding=\"async\" width=\"1024\" height=\"395\" src=\"http:\/\/spread-line.com\/wp-content\/uploads\/2021\/12\/dust-web-head-1024x395.png\" alt=\"\" class=\"wp-image-27\" srcset=\"http:\/\/spread-line.com\/wp-content\/uploads\/2021\/12\/dust-web-head-1024x395.png 1024w, http:\/\/spread-line.com\/wp-content\/uploads\/2021\/12\/dust-web-head-300x116.png 300w, http:\/\/spread-line.com\/wp-content\/uploads\/2021\/12\/dust-web-head-768x297.png 768w, http:\/\/spread-line.com\/wp-content\/uploads\/2021\/12\/dust-web-head-600x232.png 600w, http:\/\/spread-line.com\/wp-content\/uploads\/2021\/12\/dust-web-head.png 1243w\" sizes=\"auto, (max-width: 1024px) 100vw, 1024px\" \/><\/figure>\n\n\n\n<p>Puder nadaj\u0105cy w\u0142osom obj\u0119to\u015bci. Wystarczy niewielka ilo\u015b\u0107 naniesiona na suche w\u0142osy aby uzyska\u0107 efekt DUST-ON.<\/p>\n","protected":false},"excerpt":{"rendered":"<p>Ruszamy ze sprzeda\u017c\u0105 nowych produkt\u00f3w Chusteczki WIPE OUT &#8211; s\u0142u\u017c\u0105 do usuwania ze sk\u00f3ry g\u0142owy farby i przebarwie\u0144 po koloryzacji w\u0142os\u00f3w. Delikatnie usuwaj\u0105 zabarwienia, jednocze\u015bnie piel\u0119gnuj\u0105c sk\u00f3r\u0119 g\u0142owy, zabezpieczaj\u0105c j\u0105 przed podra\u017cnieniem poprzez zastosowane ekstrakty z aloesu, minera\u0142y z Morza Martwego, alantoin\u0119, prowitamin\u0119 B5 oraz bisabolol(sk\u0142adnik przeciwzapalny, przeciw infekcyjny, koj\u0105cy i \u0142agodz\u0105cy). Chusteczki zapakowane s\u0105 [&hellip;]<\/p>\n","protected":false},"author":1,"featured_media":0,"parent":0,"menu_order":0,"comment_status":"closed","ping_status":"closed","template":"","meta":{"footnotes":""},"class_list":["post-19","page","type-page","status-publish","hentry"],"_links":{"self":[{"href":"http:\/\/spread-line.com\/index.php?rest_route=\/wp\/v2\/pages\/19","targetHints":{"allow":["GET"]}}],"collection":[{"href":"http:\/\/spread-line.com\/index.php?rest_route=\/wp\/v2\/pages"}],"about":[{"href":"http:\/\/spread-line.com\/index.php?rest_route=\/wp\/v2\/types\/page"}],"author":[{"embeddable":true,"href":"http:\/\/spread-line.com\/index.php?rest_route=\/wp\/v2\/users\/1"}],"replies":[{"embeddable":true,"href":"http:\/\/spread-line.com\/index.php?rest_route=%2Fwp%2Fv2%2Fcomments&post=19"}],"version-history":[{"count":5,"href":"http:\/\/spread-line.com\/index.php?rest_route=\/wp\/v2\/pages\/19\/revisions"}],"predecessor-version":[{"id":46,"href":"http:\/\/spread-line.com\/index.php?rest_route=\/wp\/v2\/pages\/19\/revisions\/46"}],"wp:attachment":[{"href":"http:\/\/spread-line.com\/index.php?rest_route=%2Fwp%2Fv2%2Fmedia&parent=19"}],"curies":[{"name":"wp","href":"https:\/\/api.w.org\/{rel}","templated":true}]}}